{"id":5539,"date":"2021-03-28T05:15:04","date_gmt":"2021-03-28T10:15:04","guid":{"rendered":"https:\/\/lebeluga.ca\/?page_id=5539"},"modified":"2026-03-10T12:40:19","modified_gmt":"2026-03-10T17:40:19","slug":"reservation-policy","status":"publish","type":"page","link":"https:\/\/le-beluga.qc.ca\/index.php\/reservation-policy\/","title":{"rendered":"Reservation Policy"},"content":{"rendered":"\t\t<div data-elementor-type=\"wp-page\" data-elementor-id=\"5539\" class=\"elementor elementor-5539 elementor-5538\" data-elementor-post-type=\"page\">\n\t\t\t\t\t\t<section class=\"elementor-section elementor-top-section elementor-element elementor-element-b1d785d elementor-section-full_width elementor-section-height-default elementor-section-height-default qodef-elementor-content-no\" data-id=\"b1d785d\" data-element_type=\"section\" data-e-type=\"section\">\n\t\t\t\t\t\t<div class=\"elementor-container elementor-column-gap-default\">\n\t\t\t\t\t<div class=\"elementor-column elementor-col-100 elementor-top-column elementor-element elementor-element-295b665\" data-id=\"295b665\" data-element_type=\"column\" data-e-type=\"column\">\n\t\t\t<div class=\"elementor-widget-wrap elementor-element-populated\">\n\t\t\t\t\t\t<div class=\"elementor-element elementor-element-ca200f5 elementor--h-position-center elementor--v-position-middle elementor-arrows-position-inside elementor-pagination-position-inside elementor-widget elementor-widget-slides\" data-id=\"ca200f5\" data-element_type=\"widget\" data-e-type=\"widget\" data-settings=\"{&quot;navigation&quot;:&quot;both&quot;,&quot;autoplay&quot;:&quot;yes&quot;,&quot;pause_on_hover&quot;:&quot;yes&quot;,&quot;pause_on_interaction&quot;:&quot;yes&quot;,&quot;autoplay_speed&quot;:5000,&quot;infinite&quot;:&quot;yes&quot;,&quot;transition&quot;:&quot;slide&quot;,&quot;transition_speed&quot;:500}\" data-widget_type=\"slides.default\">\n\t\t\t\t<div class=\"elementor-widget-container\">\n\t\t\t\t\t\t\t\t\t<div class=\"elementor-swiper\">\n\t\t\t\t\t<div class=\"elementor-slides-wrapper elementor-main-swiper swiper\" role=\"region\" aria-roledescription=\"carousel\" aria-label=\"Diapositives\" dir=\"ltr\" data-animation=\"fadeInUp\">\n\t\t\t\t<div class=\"swiper-wrapper elementor-slides\">\n\t\t\t\t\t\t\t\t\t\t<div class=\"elementor-repeater-item-6d2fdf8 swiper-slide\" role=\"group\" aria-roledescription=\"slide\"><div class=\"swiper-slide-bg\" role=\"img\" aria-label=\"Bandeau_Beluga_Ch4\"><\/div><div class=\"swiper-slide-inner\" ><div class=\"swiper-slide-contents\"><div class=\"elementor-slide-heading\">Reservation Policy<\/div><\/div><\/div><\/div><div class=\"elementor-repeater-item-de84503 swiper-slide\" role=\"group\" aria-roledescription=\"slide\"><div class=\"swiper-slide-bg\" role=\"img\" aria-label=\"IMG_1167\"><\/div><div class=\"swiper-slide-inner\" ><div class=\"swiper-slide-contents\"><div class=\"elementor-slide-heading\">Cancelation policy<\/div><\/div><\/div><\/div>\t\t\t\t<\/div>\n\t\t\t\t\t\t\t\t\t\t\t\t\t\t\t<div class=\"elementor-swiper-button elementor-swiper-button-prev\" role=\"button\" tabindex=\"0\" aria-label=\"Previous slide\">\n\t\t\t\t\t\t\t<i aria-hidden=\"true\" class=\"eicon-chevron-left\"><\/i>\t\t\t\t\t\t<\/div>\n\t\t\t\t\t\t<div class=\"elementor-swiper-button elementor-swiper-button-next\" role=\"button\" tabindex=\"0\" aria-label=\"Next slide\">\n\t\t\t\t\t\t\t<i aria-hidden=\"true\" class=\"eicon-chevron-right\"><\/i>\t\t\t\t\t\t<\/div>\n\t\t\t\t\t\t\t\t\t\t\t\t\t\t\t\t<div class=\"swiper-pagination\"><\/div>\n\t\t\t\t\t\t\t\t\t\t\t\t<\/div>\n\t\t\t\t<\/div>\n\t\t\t\t\t\t\t\t<\/div>\n\t\t\t\t<\/div>\n\t\t\t\t\t<\/div>\n\t\t<\/div>\n\t\t\t\t\t<\/div>\n\t\t<\/section>\n\t\t\t\t<section class=\"elementor-section elementor-top-section elementor-element elementor-element-7e6defb7 elementor-section-boxed elementor-section-height-default elementor-section-height-default qodef-elementor-content-no\" data-id=\"7e6defb7\" data-element_type=\"section\" data-e-type=\"section\">\n\t\t\t\t\t\t<div class=\"elementor-container elementor-column-gap-default\">\n\t\t\t\t\t<div class=\"elementor-column elementor-col-100 elementor-top-column elementor-element elementor-element-696ea77e\" data-id=\"696ea77e\" data-element_type=\"column\" data-e-type=\"column\">\n\t\t\t<div class=\"elementor-widget-wrap elementor-element-populated\">\n\t\t\t\t\t\t<div class=\"elementor-element elementor-element-18acb30 elementor-widget elementor-widget-heading\" data-id=\"18acb30\" data-element_type=\"widget\" data-e-type=\"widget\" data-widget_type=\"heading.default\">\n\t\t\t\t<div class=\"elementor-widget-container\">\n\t\t\t\t\t<h2 class=\"elementor-heading-title elementor-size-default\">Information utiles pour votre s\u00e9jour \u00e0 Tadoussac  <\/h2>\t\t\t\t<\/div>\n\t\t\t\t<\/div>\n\t\t\t\t<div class=\"elementor-element elementor-element-1848840 elementor-widget elementor-widget-alloggio_core_dropcaps\" data-id=\"1848840\" data-element_type=\"widget\" data-e-type=\"widget\" data-widget_type=\"alloggio_core_dropcaps.default\">\n\t\t\t\t<div class=\"elementor-widget-container\">\n\t\t\t\t\t<div class=\"qodef-shortcode qodef-m qodef-dropcaps qodef-type--simple\">\n\t<span class=\"qodef-m-letter\" >H<\/span>\n\t\t\t<p class=\"qodef-m-text\" >otel Motel \u00e0 Tadoussac situ\u00e9 entre Fjord, baleines et nature au centre du village de Tadoussac \u00e0 quelques pas des restaurants et des sentiers de randonn\u00e9e.\nVoici quelques informations utiles pour bien pr\u00e9parer votre s\u00e9jour.<\/p>\n\t<\/div>\t\t\t\t<\/div>\n\t\t\t\t<\/div>\n\t\t\t\t<div class=\"elementor-element elementor-element-20deda59 elementor-widget elementor-widget-text-editor\" data-id=\"20deda59\" data-element_type=\"widget\" data-e-type=\"widget\" data-widget_type=\"text-editor.default\">\n\t\t\t\t<div class=\"elementor-widget-container\">\n\t\t\t\t\t\t\t\t\t<p><strong>Arriv\u00e9e et d\u00e9part<\/strong><\/p><p>Les chambres sont disponibles <strong>\u00e0 partir de 14 h 30<\/strong>, un avantage tr\u00e8s appr\u00e9ci\u00e9 de nos voyageurs.<\/p><p><strong>Le d\u00e9part (check-out)<\/strong> se fait avant <strong>11 h<\/strong>.<\/p><p>Pour les <strong>arriv\u00e9es tardives apr\u00e8s 17 h<\/strong>, profitez de notre<strong> proc\u00e9dure d\u2019arriv\u00e9e sans contact<\/strong>, simple et rapide.<\/p><p>\u00a0<\/p><p><strong>Animaux<\/strong> Nous adorons les animaux mais malheureusement<strong> non admis<\/strong> dans l\u2019\u00e9tablissement.<\/p><p>\u00a0<\/p><p><strong>Traversier Tadoussac<\/strong> \u2014 Baie-Sainte-Catherine du c\u00f4t\u00e9 de Charlevoix\u00a0 (STQ)<\/p><p>Pour arriver \u00e0 Tadoussac depuis la rive sud, vous emprunterez le traversier de la Soci\u00e9t\u00e9 des traversiers du Qu\u00e9bec (STQ) qui traverse le fjord du Saguenay.<\/p><p><strong>Travers\u00e9e gratuite<\/strong> sans r\u00e9servation d\u2019environ 7 minutes<\/p><p>Arriv\u00e9e <strong>directement au village de Tadoussac<\/strong><\/p><p>Les p\u00e9riodes les plus achaland\u00e9es sont g\u00e9n\u00e9ralement entre 14 h et 17 h.<\/p><p><strong>Information : https:\/\/www.traversiers.com<\/strong><\/p><p>\u00a0<\/p><p><strong>Politique d\u2019annulation<\/strong><\/p><p>Les r\u00e9servations peuvent \u00eatre annul\u00e9es<strong> sans frais jusqu\u2019\u00e0 14 jours avant l\u2019arriv\u00e9e<\/strong>.<\/p><p>Apr\u00e8s ce d\u00e9lai, <strong>le montant de la premi\u00e8re nuit, taxes incluses<\/strong>, sera factur\u00e9 sur la carte de cr\u00e9dit Visa ou Mastercard fournie au dossier.<\/p><p><strong>Les paiements sont trait\u00e9s 48 heures avant l\u2019arriv\u00e9e.<\/strong><\/p><p>\u00a0<\/p><p><strong>Activit\u00e9s et croisi\u00e8res aux baleines<\/strong><\/p><p>Tadoussac est reconnu mondialement pour <strong>l\u2019observation des baleines<\/strong> et la beaut\u00e9 du <strong>Fjord du Saguenay.<\/strong><\/p><p>Notre \u00e9quipe peut vous aider \u00e0 organiser :<\/p><p>\u2022 croisi\u00e8res aux baleines<\/p><p>\u2022 randonn\u00e9e et sentiers du fjord<\/p><p>\u2022 d\u00e9couverte du village Tadoussac\u00a0<\/p><p>\u00a0<\/p><p><strong>Toute l\u2019\u00e9quipe de l\u2019H\u00f4tel-Motel Le B\u00e9luga vous souhaite un s\u00e9jour inoubliable \u00e0 Tadoussac.<\/strong><\/p><p>\u00a0<\/p><p><strong>info@le-beluga.qc.ca<\/strong><\/p><div dir=\"ltr\"><p>\u00a0<\/p><\/div>\t\t\t\t\t\t\t\t<\/div>\n\t\t\t\t<\/div>\n\t\t\t\t\t<\/div>\n\t\t<\/div>\n\t\t\t\t\t<\/div>\n\t\t<\/section>\n\t\t\t\t<\/div>\n\t\t","protected":false},"excerpt":{"rendered":"<p>Reservation PolicyCancelation policy Information utiles pour votre s\u00e9jour \u00e0 Tadoussac H otel Motel \u00e0 Tadoussac situ\u00e9 entre Fjord, baleines et nature au centre du village de Tadoussac \u00e0 quelques pas des restaurants et des sentiers de randonn\u00e9e. Voici quelques informations utiles pour bien pr\u00e9parer votre s\u00e9jour. Arriv\u00e9e et d\u00e9part Les chambres sont disponibles \u00e0 partir [&hellip;]<\/p>\n","protected":false},"author":1,"featured_media":0,"parent":0,"menu_order":0,"comment_status":"closed","ping_status":"closed","template":"","meta":{"_monsterinsights_skip_tracking":false,"_monsterinsights_sitenote_active":false,"_monsterinsights_sitenote_note":"","_monsterinsights_sitenote_category":0,"footnotes":""},"class_list":["post-5539","page","type-page","status-publish","hentry"],"_links":{"self":[{"href":"https:\/\/le-beluga.qc.ca\/index.php\/wp-json\/wp\/v2\/pages\/5539","targetHints":{"allow":["GET"]}}],"collection":[{"href":"https:\/\/le-beluga.qc.ca\/index.php\/wp-json\/wp\/v2\/pages"}],"about":[{"href":"https:\/\/le-beluga.qc.ca\/index.php\/wp-json\/wp\/v2\/types\/page"}],"author":[{"embeddable":true,"href":"https:\/\/le-beluga.qc.ca\/index.php\/wp-json\/wp\/v2\/users\/1"}],"replies":[{"embeddable":true,"href":"https:\/\/le-beluga.qc.ca\/index.php\/wp-json\/wp\/v2\/comments?post=5539"}],"version-history":[{"count":59,"href":"https:\/\/le-beluga.qc.ca\/index.php\/wp-json\/wp\/v2\/pages\/5539\/revisions"}],"predecessor-version":[{"id":7910,"href":"https:\/\/le-beluga.qc.ca\/index.php\/wp-json\/wp\/v2\/pages\/5539\/revisions\/7910"}],"wp:attachment":[{"href":"https:\/\/le-beluga.qc.ca\/index.php\/wp-json\/wp\/v2\/media?parent=5539"}],"curies":[{"name":"wp","href":"https:\/\/api.w.org\/{rel}","templated":true}]}}