{"id":4389,"date":"2021-03-04T15:35:21","date_gmt":"2021-03-04T20:35:21","guid":{"rendered":"https:\/\/lebeluga.ca\/allogio\/?page_id=4389"},"modified":"2026-03-19T16:18:29","modified_gmt":"2026-03-19T21:18:29","slug":"a-propos","status":"publish","type":"page","link":"https:\/\/le-beluga.qc.ca\/index.php\/a-propos\/?lang=fr","title":{"rendered":"\u00c0 propos"},"content":{"rendered":"\t\t<div data-elementor-type=\"wp-page\" data-elementor-id=\"4389\" class=\"elementor elementor-4389 elementor-2347\" data-elementor-post-type=\"page\">\n\t\t\t\t\t\t<section class=\"elementor-section elementor-top-section elementor-element elementor-element-6a49433 elementor-section-full_width elementor-section-height-default elementor-section-height-default qodef-elementor-content-no\" data-id=\"6a49433\" data-element_type=\"section\" data-e-type=\"section\" data-settings=\"{&quot;background_background&quot;:&quot;classic&quot;}\">\n\t\t\t\t\t\t\t<div class=\"elementor-background-overlay\"><\/div>\n\t\t\t\t\t\t\t<div class=\"elementor-container elementor-column-gap-no\">\n\t\t\t\t\t<div class=\"elementor-column elementor-col-100 elementor-top-column elementor-element elementor-element-91ca2de\" data-id=\"91ca2de\" data-element_type=\"column\" data-e-type=\"column\">\n\t\t\t<div class=\"elementor-widget-wrap elementor-element-populated\">\n\t\t\t\t\t\t<div class=\"elementor-element elementor-element-8fb618c elementor--h-position-center elementor--v-position-middle elementor-arrows-position-inside elementor-pagination-position-inside elementor-widget elementor-widget-slides\" data-id=\"8fb618c\" data-element_type=\"widget\" data-e-type=\"widget\" data-settings=\"{&quot;navigation&quot;:&quot;both&quot;,&quot;autoplay&quot;:&quot;yes&quot;,&quot;pause_on_hover&quot;:&quot;yes&quot;,&quot;pause_on_interaction&quot;:&quot;yes&quot;,&quot;autoplay_speed&quot;:5000,&quot;infinite&quot;:&quot;yes&quot;,&quot;transition&quot;:&quot;slide&quot;,&quot;transition_speed&quot;:500}\" data-widget_type=\"slides.default\">\n\t\t\t\t<div class=\"elementor-widget-container\">\n\t\t\t\t\t\t\t\t\t<div class=\"elementor-swiper\">\n\t\t\t\t\t<div class=\"elementor-slides-wrapper elementor-main-swiper swiper\" role=\"region\" aria-roledescription=\"carousel\" aria-label=\"Diapositives\" dir=\"ltr\" data-animation=\"fadeInUp\">\n\t\t\t\t<div class=\"swiper-wrapper elementor-slides\">\n\t\t\t\t\t\t\t\t\t\t<div class=\"elementor-repeater-item-f3529bc swiper-slide\" role=\"group\" aria-roledescription=\"slide\"><div class=\"swiper-slide-bg\" role=\"img\" aria-label=\"front-night-1300x592\"><\/div><a class=\"swiper-slide-inner\" href=\"https:\/\/secure.reservit.com\/reservit\/reserhotel.php?action=resa&#038;id=58&#038;hotelid=430774&#038;lang=FR&#038;specialMode=default&#038;redirectHOST=softbooker.reservit.com\"><div class=\"swiper-slide-contents\"><div class=\"elementor-slide-heading\">H\u00f4tel-Motel Le B\u00e9luga<\/div><div class=\"elementor-slide-description\">Respirez le grand air de la C\u00f4te Nord.<\/div><div  class=\"elementor-button elementor-slide-button elementor-size-sm\">Pour en savoir plus<\/div><\/div><\/a><\/div><div class=\"elementor-repeater-item-8200722 swiper-slide\" role=\"group\" aria-roledescription=\"slide\"><div class=\"swiper-slide-bg\" role=\"img\" aria-label=\"2Beluga0621_LG\"><\/div><a class=\"swiper-slide-inner\" href=\"https:\/\/secure.reservit.com\/reservit\/reserhotel.php?action=resa&#038;id=58&#038;hotelid=430774&#038;lang=FR&#038;specialMode=default&#038;redirectHOST=softbooker.reservit.com\"><div class=\"swiper-slide-contents\"><div class=\"elementor-slide-heading\">Confort et libert\u00e9 au centre du village .<\/div><div class=\"elementor-slide-description\">Choisissez l'ambiance qui vous ressemble Hotel ou Motel.<\/div><div  class=\"elementor-button elementor-slide-button elementor-size-sm\">Pour r\u00e9server<\/div><\/div><\/a><\/div><div class=\"elementor-repeater-item-be00129 swiper-slide\" role=\"group\" aria-roledescription=\"slide\"><div class=\"swiper-slide-bg\" role=\"img\" aria-label=\"queue-1200x500\"><\/div><a class=\"swiper-slide-inner\" href=\"https:\/\/le-beluga.qc.ca\/index.php\/local-activities\/?lang=fr\"><div class=\"swiper-slide-contents\"><div class=\"elementor-slide-heading\">Nature spectaculaire.<\/div><div class=\"elementor-slide-description\">Un s\u00e9jour au rythme de la nature.<\/div><div  class=\"elementor-button elementor-slide-button elementor-size-sm\">Pour en savoir plus<\/div><\/div><\/a><\/div>\t\t\t\t<\/div>\n\t\t\t\t\t\t\t\t\t\t\t\t\t\t\t<div class=\"elementor-swiper-button elementor-swiper-button-prev\" role=\"button\" tabindex=\"0\" aria-label=\"Diapositive pr\u00e9c\u00e9dente\">\n\t\t\t\t\t\t\t<i aria-hidden=\"true\" class=\"eicon-chevron-left\"><\/i>\t\t\t\t\t\t<\/div>\n\t\t\t\t\t\t<div class=\"elementor-swiper-button elementor-swiper-button-next\" role=\"button\" tabindex=\"0\" aria-label=\"Diapositive suivante\">\n\t\t\t\t\t\t\t<i aria-hidden=\"true\" class=\"eicon-chevron-right\"><\/i>\t\t\t\t\t\t<\/div>\n\t\t\t\t\t\t\t\t\t\t\t\t\t\t\t\t<div class=\"swiper-pagination\"><\/div>\n\t\t\t\t\t\t\t\t\t\t\t\t<\/div>\n\t\t\t\t<\/div>\n\t\t\t\t\t\t\t\t<\/div>\n\t\t\t\t<\/div>\n\t\t\t\t\t<\/div>\n\t\t<\/div>\n\t\t\t\t\t<\/div>\n\t\t<\/section>\n\t\t\t\t<section class=\"elementor-section elementor-top-section elementor-element elementor-element-e59721f elementor-section-full_width qodef-elementor-content-grid elementor-section-height-default elementor-section-height-default\" data-id=\"e59721f\" data-element_type=\"section\" data-e-type=\"section\" data-settings=\"{&quot;background_background&quot;:&quot;classic&quot;}\">\n\t\t\t\t\t\t\t<div class=\"elementor-background-overlay\"><\/div>\n\t\t\t\t\t\t\t<div class=\"elementor-container elementor-column-gap-no\">\n\t\t\t\t\t<div class=\"elementor-column elementor-col-33 elementor-top-column elementor-element elementor-element-bf8a62a\" data-id=\"bf8a62a\" data-element_type=\"column\" data-e-type=\"column\">\n\t\t\t<div class=\"elementor-widget-wrap elementor-element-populated\">\n\t\t\t\t\t\t<div class=\"elementor-element elementor-element-0b5c94c elementor-widget elementor-widget-alloggio_core_image_with_text\" data-id=\"0b5c94c\" data-element_type=\"widget\" data-e-type=\"widget\" data-widget_type=\"alloggio_core_image_with_text.default\">\n\t\t\t\t<div class=\"elementor-widget-container\">\n\t\t\t\t\t<div class=\"qodef-shortcode qodef-m qodef-image-with-text qodef-layout--text-below\">\n\t<div class=\"qodef-m-image\">\n\t\t\t\t\t\t\t\t\t<img decoding=\"async\" width=\"35\" height=\"35\" src=\"https:\/\/le-beluga.qc.ca\/wp-content\/uploads\/2021\/03\/h5-img-02.png\" class=\"qodef-e-main-image\" alt=\"\" \/>\t\t\t\t\t\t\t\t\t<\/div>\t<div class=\"qodef-m-content\">\n\t\t\t<h4 class=\"qodef-m-title\" style=\"margin-top: 12px\">\n\t\t\t\t\tObservation des baleines\t\t\t<\/h4>\n\t\t\t<p class=\"qodef-m-text\" style=\"margin-top: 19px\">\nTadoussac est l\u2019un des meilleurs endroits au monde pour observer les baleines, au c\u0153ur du Parc marin du Saguenay\u2013Saint-Laurent.<\/p>\n\t<\/div>\n<\/div>\t\t\t\t<\/div>\n\t\t\t\t<\/div>\n\t\t\t\t<div class=\"elementor-element elementor-element-c72af58 elementor-widget elementor-widget-alloggio_core_image_with_text\" data-id=\"c72af58\" data-element_type=\"widget\" data-e-type=\"widget\" data-widget_type=\"alloggio_core_image_with_text.default\">\n\t\t\t\t<div class=\"elementor-widget-container\">\n\t\t\t\t\t<div class=\"qodef-shortcode qodef-m qodef-image-with-text qodef-layout--text-below\">\n\t<div class=\"qodef-m-image\">\n\t\t\t\t\t\t\t\t\t<img decoding=\"async\" width=\"35\" height=\"35\" src=\"https:\/\/le-beluga.qc.ca\/wp-content\/uploads\/2021\/03\/h5-img-05.png\" class=\"qodef-e-main-image\" alt=\"\" \/>\t\t\t\t\t\t\t\t\t<\/div>\t<div class=\"qodef-m-content\">\n\t\t\t<h4 class=\"qodef-m-title\" style=\"margin-top: 12px\">\n\t\t\t\t\tR\u00e9servation directe\t\t\t<\/h4>\n\t\t\t<p class=\"qodef-m-text\" style=\"margin-top: 19px\">Pour le meilleur tarif et les disponibilit\u00e9s \u00e0 jour, r\u00e9servez directement sur le site officiel de l\u2019H\u00f4tel motel Le B\u00e9luga.<\/p>\n\t<\/div>\n<\/div>\t\t\t\t<\/div>\n\t\t\t\t<\/div>\n\t\t\t\t\t<\/div>\n\t\t<\/div>\n\t\t\t\t<div class=\"elementor-column elementor-col-33 elementor-top-column elementor-element elementor-element-4a15b42\" data-id=\"4a15b42\" data-element_type=\"column\" data-e-type=\"column\">\n\t\t\t<div class=\"elementor-widget-wrap elementor-element-populated\">\n\t\t\t\t\t\t<div class=\"elementor-element elementor-element-5fabb59 elementor-widget elementor-widget-alloggio_core_image_with_text\" data-id=\"5fabb59\" data-element_type=\"widget\" data-e-type=\"widget\" data-widget_type=\"alloggio_core_image_with_text.default\">\n\t\t\t\t<div class=\"elementor-widget-container\">\n\t\t\t\t\t<div class=\"qodef-shortcode qodef-m qodef-image-with-text qodef-layout--text-below\">\n\t<div class=\"qodef-m-image\">\n\t\t\t\t\t\t\t\t\t<img decoding=\"async\" width=\"35\" height=\"35\" src=\"https:\/\/le-beluga.qc.ca\/wp-content\/uploads\/2021\/03\/h5-img-03.png\" class=\"qodef-e-main-image\" alt=\"\" \/>\t\t\t\t\t\t\t\t\t<\/div>\t<div class=\"qodef-m-content\">\n\t\t\t<h4 class=\"qodef-m-title\" style=\"margin-top: 12px\">\n\t\t\t\t\tCalme et nature\t\t\t<\/h4>\n\t\t\t<p class=\"qodef-m-text\" style=\"margin-top: 19px\">Profitez du calme de Tadoussac, au c\u0153ur du Parc marin du Saguenay\u2013Saint-Laurent, \u00e0 quelques minutes \u00e0 pied du fjord, de la plage et du quai des croisi\u00e8res aux baleines.<\/p>\n\t<\/div>\n<\/div>\t\t\t\t<\/div>\n\t\t\t\t<\/div>\n\t\t\t\t<div class=\"elementor-element elementor-element-fc10ac0 elementor-widget elementor-widget-alloggio_core_image_with_text\" data-id=\"fc10ac0\" data-element_type=\"widget\" data-e-type=\"widget\" data-widget_type=\"alloggio_core_image_with_text.default\">\n\t\t\t\t<div class=\"elementor-widget-container\">\n\t\t\t\t\t<div class=\"qodef-shortcode qodef-m qodef-image-with-text qodef-layout--text-below\">\n\t<div class=\"qodef-m-image\">\n\t\t\t\t\t\t\t\t\t<img loading=\"lazy\" decoding=\"async\" width=\"35\" height=\"35\" src=\"https:\/\/le-beluga.qc.ca\/wp-content\/uploads\/2021\/03\/h5-img-06.png\" class=\"qodef-e-main-image\" alt=\"\" \/>\t\t\t\t\t\t\t\t\t<\/div>\t<div class=\"qodef-m-content\">\n\t\t\t<h4 class=\"qodef-m-title\" style=\"margin-top: 12px;color: #070404\">\n\t\t\t\t\tR\u00e9servation s\u00e9curis\u00e9\t\t\t<\/h4>\n\t\t\t<p class=\"qodef-m-text\" style=\"margin-top: 19px\">Les r\u00e9servations sont confirm\u00e9es par Visa ou Mastercard, avec un pr\u00e9l\u00e8vement 48 heures avant l\u2019arriv\u00e9e.<\/p>\n\t<\/div>\n<\/div>\t\t\t\t<\/div>\n\t\t\t\t<\/div>\n\t\t\t\t\t<\/div>\n\t\t<\/div>\n\t\t\t\t<div class=\"elementor-column elementor-col-33 elementor-top-column elementor-element elementor-element-87c810e\" data-id=\"87c810e\" data-element_type=\"column\" data-e-type=\"column\">\n\t\t\t<div class=\"elementor-widget-wrap elementor-element-populated\">\n\t\t\t\t\t\t<div class=\"elementor-element elementor-element-68616a9 elementor-widget elementor-widget-alloggio_core_image_with_text\" data-id=\"68616a9\" data-element_type=\"widget\" data-e-type=\"widget\" data-widget_type=\"alloggio_core_image_with_text.default\">\n\t\t\t\t<div class=\"elementor-widget-container\">\n\t\t\t\t\t<div class=\"qodef-shortcode qodef-m qodef-image-with-text qodef-layout--text-below\">\n\t<div class=\"qodef-m-image\">\n\t\t\t\t\t\t\t\t\t<img loading=\"lazy\" decoding=\"async\" width=\"35\" height=\"35\" src=\"https:\/\/le-beluga.qc.ca\/wp-content\/uploads\/2021\/03\/h5-img-04.png\" class=\"qodef-e-main-image\" alt=\"\" \/>\t\t\t\t\t\t\t\t\t<\/div>\t<div class=\"qodef-m-content\">\n\t\t\t<h4 class=\"qodef-m-title\" style=\"margin-top: 12px\">\n\t\t\t\t\tNature grandiose\t\t\t<\/h4>\n\t\t\t<p class=\"qodef-m-text\" style=\"margin-top: 19px\">Situ\u00e9 au c\u0153ur du Parc marin du Saguenay\u2013Saint-Laurent et du Parc national du Fjord-du-Saguenay, Tadoussac offre un acc\u00e8s unique aux baleines, au fjord et \u00e0 des paysages parmi les plus impressionnants du Qu\u00e9bec.<\/p>\n\t<\/div>\n<\/div>\t\t\t\t<\/div>\n\t\t\t\t<\/div>\n\t\t\t\t\t<\/div>\n\t\t<\/div>\n\t\t\t\t\t<\/div>\n\t\t<\/section>\n\t\t\t\t<section class=\"elementor-section elementor-top-section elementor-element elementor-element-ccf1882 elementor-section-full_width qodef-elementor-content-grid elementor-section-height-default elementor-section-height-default\" data-id=\"ccf1882\" data-element_type=\"section\" data-e-type=\"section\">\n\t\t\t\t\t\t<div class=\"elementor-container elementor-column-gap-no\">\n\t\t\t\t\t<div class=\"elementor-column elementor-col-100 elementor-top-column elementor-element elementor-element-96ef65b\" data-id=\"96ef65b\" data-element_type=\"column\" data-e-type=\"column\">\n\t\t\t<div class=\"elementor-widget-wrap elementor-element-populated\">\n\t\t\t\t\t\t<div class=\"elementor-element elementor-element-bf87dd6 elementor-widget elementor-widget-alloggio_core_section_title\" data-id=\"bf87dd6\" data-element_type=\"widget\" data-e-type=\"widget\" data-widget_type=\"alloggio_core_section_title.default\">\n\t\t\t\t<div class=\"elementor-widget-container\">\n\t\t\t\t\t<div class=\"qodef-shortcode qodef-m qodef-section-title qodef-alignment--left\">\n\t\t<h2 class=\"qodef-m-title\" >\n\t\t\t\t\tActivit\u00e9s \u00e0 Tadoussac \t\t\t<\/h2>\n\t\t<span class=\"qodef-m-text\" >Situ\u00e9 au centre  du village, l\u2019H\u00f4tel-Motel Le B\u00e9luga permet de profiter pleinement de Tadoussac \u00e0 distance de marche.\n\nRestaurants, boutiques, croisi\u00e8res aux baleines, plage, sentiers et m\u00eame la boulangerie artisanale locale se trouvent \u00e0 quelques minutes \u00e0 pied.\n\nEntre le fleuve Saint-Laurent et le fjord du Saguenay, la nature et les activit\u00e9s sont litt\u00e9ralement au coin de la rue.\n-\nEN:Located \nIn the heart of Tadoussac, everything is within walking distance  restaurants, shops, whale watching, beach and trails, between the St. Lawrence River and the Saguenay Fjord.<\/span>\n<\/div>\t\t\t\t<\/div>\n\t\t\t\t<\/div>\n\t\t\t\t\t<\/div>\n\t\t<\/div>\n\t\t\t\t\t<\/div>\n\t\t<\/section>\n\t\t\t\t<section class=\"elementor-section elementor-top-section elementor-element elementor-element-0a8ca7e elementor-section-full_width qodef-elementor-content-grid elementor-section-height-default elementor-section-height-default\" data-id=\"0a8ca7e\" data-element_type=\"section\" data-e-type=\"section\">\n\t\t\t\t\t\t<div class=\"elementor-container elementor-column-gap-no\">\n\t\t\t\t\t<div class=\"elementor-column elementor-col-50 elementor-top-column elementor-element elementor-element-9336909\" data-id=\"9336909\" data-element_type=\"column\" data-e-type=\"column\">\n\t\t\t<div class=\"elementor-widget-wrap elementor-element-populated\">\n\t\t\t\t\t\t<div class=\"elementor-element elementor-element-51719fc elementor-widget elementor-widget-alloggio_core_banner\" data-id=\"51719fc\" data-element_type=\"widget\" data-e-type=\"widget\" data-widget_type=\"alloggio_core_banner.default\">\n\t\t\t\t<div class=\"elementor-widget-container\">\n\t\t\t\t\t<div class=\"qodef-shortcode qodef-m qodef-banner qodef-layout--link-overlay qodef--has-button\">\n\t<div class=\"qodef-m-image\">\n\t<img loading=\"lazy\" decoding=\"async\" width=\"1600\" height=\"1148\" src=\"https:\/\/le-beluga.qc.ca\/wp-content\/uploads\/2021\/12\/IMG_0265-scaled-e1668100678667.jpg\" class=\"attachment-full size-full\" alt=\"\" srcset=\"https:\/\/le-beluga.qc.ca\/wp-content\/uploads\/2021\/12\/IMG_0265-scaled-e1668100678667.jpg 1600w, https:\/\/le-beluga.qc.ca\/wp-content\/uploads\/2021\/12\/IMG_0265-scaled-e1668100678667-300x215.jpg 300w, https:\/\/le-beluga.qc.ca\/wp-content\/uploads\/2021\/12\/IMG_0265-scaled-e1668100678667-1024x735.jpg 1024w, https:\/\/le-beluga.qc.ca\/wp-content\/uploads\/2021\/12\/IMG_0265-scaled-e1668100678667-768x551.jpg 768w, https:\/\/le-beluga.qc.ca\/wp-content\/uploads\/2021\/12\/IMG_0265-scaled-e1668100678667-1536x1102.jpg 1536w\" sizes=\"(max-width: 1600px) 100vw, 1600px\" \/>\t<a itemprop=\"url\" href=\"https:\/\/le-beluga.qc.ca\/index.php\/local-activities\/?lang=fr\" class=\"qodef-m-banner-link\" target=\"_self\"><\/a>\n<\/div>\t<div class=\"qodef-m-content\">\n\t\t<div class=\"qodef-m-content-inner\" style=\"padding: 36px 12% 36px 50px\">\n\t\t\t<div class=\"qodef-m-content-inner-background\" ><\/div>\n\t\t\t<div class=\"qodef-m-content-inner-holder\">\n\t\t\t\t\t<h2 class=\"qodef-m-title\" >Activit\u00e9s<\/h2>\n\t\t\t\t\t\t\t\t\t<div class=\"qodef-m-button\">\n\t\t<a class=\"qodef-shortcode qodef-m qodef-button qodef-layout--outlined qodef-size--small qodef-html--link\" href=\"https:\/\/le-beluga.qc.ca\/index.php\/local-activities\/?lang=fr\" target=\"_self\"  style=\"border-color: #EFE7E7;padding: 6 14 6 14\">\t<span class=\"qodef-m-text\">Voir <\/span>\t<span class=\"qodef-m-background-holder\" ><\/span><\/a>\t<\/div>\n\t\t\t\t<a itemprop=\"url\" href=\"https:\/\/le-beluga.qc.ca\/index.php\/local-activities\/?lang=fr\" class=\"qodef-m-banner-link\" target=\"_self\"><\/a>\n\t\t\t<\/div>\n\t\t\t<a itemprop=\"url\" href=\"https:\/\/le-beluga.qc.ca\/index.php\/local-activities\/?lang=fr\" class=\"qodef-m-banner-link\" target=\"_self\"><\/a>\n\t\t<\/div>\n\t<\/div>\n<\/div>\n\t\t\t\t<\/div>\n\t\t\t\t<\/div>\n\t\t\t\t\t<\/div>\n\t\t<\/div>\n\t\t\t\t<div class=\"elementor-column elementor-col-50 elementor-top-column elementor-element elementor-element-0e7d089\" data-id=\"0e7d089\" data-element_type=\"column\" data-e-type=\"column\">\n\t\t\t<div class=\"elementor-widget-wrap elementor-element-populated\">\n\t\t\t\t\t\t<div class=\"elementor-element elementor-element-d68d768 elementor-widget elementor-widget-alloggio_core_banner\" data-id=\"d68d768\" data-element_type=\"widget\" data-e-type=\"widget\" data-widget_type=\"alloggio_core_banner.default\">\n\t\t\t\t<div class=\"elementor-widget-container\">\n\t\t\t\t\t<div class=\"qodef-shortcode qodef-m qodef-banner qodef-layout--link-overlay qodef--has-text qodef--has-button\">\n\t<div class=\"qodef-m-image\">\n\t<img loading=\"lazy\" decoding=\"async\" width=\"1600\" height=\"1000\" src=\"https:\/\/le-beluga.qc.ca\/wp-content\/uploads\/2021\/05\/Beluga_Ch9-1-lit-Queen-avec-balcon.jpg\" class=\"attachment-full size-full\" alt=\"\" srcset=\"https:\/\/le-beluga.qc.ca\/wp-content\/uploads\/2021\/05\/Beluga_Ch9-1-lit-Queen-avec-balcon.jpg 1600w, https:\/\/le-beluga.qc.ca\/wp-content\/uploads\/2021\/05\/Beluga_Ch9-1-lit-Queen-avec-balcon-300x188.jpg 300w, https:\/\/le-beluga.qc.ca\/wp-content\/uploads\/2021\/05\/Beluga_Ch9-1-lit-Queen-avec-balcon-1024x640.jpg 1024w, https:\/\/le-beluga.qc.ca\/wp-content\/uploads\/2021\/05\/Beluga_Ch9-1-lit-Queen-avec-balcon-768x480.jpg 768w, https:\/\/le-beluga.qc.ca\/wp-content\/uploads\/2021\/05\/Beluga_Ch9-1-lit-Queen-avec-balcon-1536x960.jpg 1536w\" sizes=\"(max-width: 1600px) 100vw, 1600px\" \/>\t<a itemprop=\"url\" href=\"https:\/\/le-beluga.qc.ca\/index.php\/chambres-dhotel\/?lang=fr\" class=\"qodef-m-banner-link\" target=\"_self\"><\/a>\n<\/div>\t<div class=\"qodef-m-content\">\n\t\t<div class=\"qodef-m-content-inner\" style=\"padding: 36px 12% 36px 50px\">\n\t\t\t<div class=\"qodef-m-content-inner-background\" ><\/div>\n\t\t\t<div class=\"qodef-m-content-inner-holder\">\n\t\t\t\t\t<h2 class=\"qodef-m-title\" >Hotel ou Motel <\/h2>\n\t\t\t\t\t<p class=\"qodef-m-text\" > <\/p>\n\t\t\t\t\t<div class=\"qodef-m-button\">\n\t\t<a class=\"qodef-shortcode qodef-m qodef-button qodef-layout--outlined qodef-size--small qodef-html--link\" href=\"https:\/\/le-beluga.qc.ca\/index.php\/chambres-dhotel\/?lang=fr\" target=\"_self\"  style=\"border-color: #FFFFFF;padding: 6 14 6 14\">\t<span class=\"qodef-m-text\">Voir <\/span>\t<span class=\"qodef-m-background-holder\" ><\/span><\/a>\t<\/div>\n\t\t\t\t<a itemprop=\"url\" href=\"https:\/\/le-beluga.qc.ca\/index.php\/chambres-dhotel\/?lang=fr\" class=\"qodef-m-banner-link\" target=\"_self\"><\/a>\n\t\t\t<\/div>\n\t\t\t<a itemprop=\"url\" href=\"https:\/\/le-beluga.qc.ca\/index.php\/chambres-dhotel\/?lang=fr\" class=\"qodef-m-banner-link\" target=\"_self\"><\/a>\n\t\t<\/div>\n\t<\/div>\n<\/div>\n\t\t\t\t<\/div>\n\t\t\t\t<\/div>\n\t\t\t\t\t<\/div>\n\t\t<\/div>\n\t\t\t\t\t<\/div>\n\t\t<\/section>\n\t\t\t\t<\/div>\n\t\t","protected":false},"excerpt":{"rendered":"<p>H\u00f4tel-Motel Le B\u00e9lugaRespirez le grand air de la C\u00f4te Nord.Pour en savoir plusConfort et libert\u00e9 au centre du village .Choisissez l&#8217;ambiance qui vous ressemble Hotel ou Motel.Pour r\u00e9serverNature spectaculaire.Un s\u00e9jour au rythme de la nature.Pour en savoir plus Observation des baleines Tadoussac est l\u2019un des meilleurs endroits au monde pour observer les baleines, au c\u0153ur [&hellip;]<\/p>\n","protected":false},"author":1,"featured_media":0,"parent":0,"menu_order":0,"comment_status":"closed","ping_status":"closed","template":"page-full-width.php","meta":{"_monsterinsights_skip_tracking":false,"_monsterinsights_sitenote_active":false,"_monsterinsights_sitenote_note":"","_monsterinsights_sitenote_category":0,"footnotes":""},"class_list":["post-4389","page","type-page","status-publish","hentry"],"_links":{"self":[{"href":"https:\/\/le-beluga.qc.ca\/index.php\/wp-json\/wp\/v2\/pages\/4389","targetHints":{"allow":["GET"]}}],"collection":[{"href":"https:\/\/le-beluga.qc.ca\/index.php\/wp-json\/wp\/v2\/pages"}],"about":[{"href":"https:\/\/le-beluga.qc.ca\/index.php\/wp-json\/wp\/v2\/types\/page"}],"author":[{"embeddable":true,"href":"https:\/\/le-beluga.qc.ca\/index.php\/wp-json\/wp\/v2\/users\/1"}],"replies":[{"embeddable":true,"href":"https:\/\/le-beluga.qc.ca\/index.php\/wp-json\/wp\/v2\/comments?post=4389"}],"version-history":[{"count":152,"href":"https:\/\/le-beluga.qc.ca\/index.php\/wp-json\/wp\/v2\/pages\/4389\/revisions"}],"predecessor-version":[{"id":8158,"href":"https:\/\/le-beluga.qc.ca\/index.php\/wp-json\/wp\/v2\/pages\/4389\/revisions\/8158"}],"wp:attachment":[{"href":"https:\/\/le-beluga.qc.ca\/index.php\/wp-json\/wp\/v2\/media?parent=4389"}],"curies":[{"name":"wp","href":"https:\/\/api.w.org\/{rel}","templated":true}]}}