{"id":3,"date":"2021-03-03T11:07:29","date_gmt":"2021-03-03T11:07:29","guid":{"rendered":"https:\/\/lebeluga.ca\/allogio\/?page_id=3"},"modified":"2026-03-10T15:54:44","modified_gmt":"2026-03-10T20:54:44","slug":"privacy-policy","status":"publish","type":"page","link":"https:\/\/le-beluga.qc.ca\/index.php\/privacy-policy\/","title":{"rendered":"Privacy Policy"},"content":{"rendered":"\t\t<div data-elementor-type=\"wp-page\" data-elementor-id=\"3\" class=\"elementor elementor-3\" data-elementor-post-type=\"page\">\n\t\t\t\t\t\t<section class=\"elementor-section elementor-top-section elementor-element elementor-element-b1d785d elementor-section-full_width elementor-section-height-default elementor-section-height-default qodef-elementor-content-no\" data-id=\"b1d785d\" data-element_type=\"section\" data-e-type=\"section\" data-settings=\"{&quot;background_background&quot;:&quot;slideshow&quot;,&quot;background_slideshow_gallery&quot;:[{&quot;id&quot;:6061,&quot;url&quot;:&quot;https:\\\/\\\/le-beluga.qc.ca\\\/wp-content\\\/uploads\\\/2021\\\/06\\\/IMG_1606-scaled.jpg&quot;}],&quot;background_slideshow_loop&quot;:&quot;yes&quot;,&quot;background_slideshow_slide_duration&quot;:5000,&quot;background_slideshow_slide_transition&quot;:&quot;fade&quot;,&quot;background_slideshow_transition_duration&quot;:500}\">\n\t\t\t\t\t\t<div class=\"elementor-container elementor-column-gap-default\">\n\t\t\t\t\t<div class=\"elementor-column elementor-col-100 elementor-top-column elementor-element elementor-element-295b665\" data-id=\"295b665\" data-element_type=\"column\" data-e-type=\"column\">\n\t\t\t<div class=\"elementor-widget-wrap elementor-element-populated\">\n\t\t\t\t\t\t<div class=\"elementor-element elementor-element-ca200f5 elementor--h-position-center elementor--v-position-middle elementor-arrows-position-inside elementor-pagination-position-inside elementor-widget elementor-widget-slides\" data-id=\"ca200f5\" data-element_type=\"widget\" data-e-type=\"widget\" data-settings=\"{&quot;navigation&quot;:&quot;both&quot;,&quot;autoplay&quot;:&quot;yes&quot;,&quot;pause_on_hover&quot;:&quot;yes&quot;,&quot;pause_on_interaction&quot;:&quot;yes&quot;,&quot;autoplay_speed&quot;:5000,&quot;infinite&quot;:&quot;yes&quot;,&quot;transition&quot;:&quot;slide&quot;,&quot;transition_speed&quot;:500}\" data-widget_type=\"slides.default\">\n\t\t\t\t<div class=\"elementor-widget-container\">\n\t\t\t\t\t\t\t\t\t<div class=\"elementor-swiper\">\n\t\t\t\t\t<div class=\"elementor-slides-wrapper elementor-main-swiper swiper\" role=\"region\" aria-roledescription=\"carousel\" aria-label=\"Slides\" dir=\"ltr\" data-animation=\"fadeInUp\">\n\t\t\t\t<div class=\"swiper-wrapper elementor-slides\">\n\t\t\t\t\t\t\t\t\t\t<div class=\"elementor-repeater-item-6d2fdf8 swiper-slide\" role=\"group\" aria-roledescription=\"slide\"><div class=\"swiper-slide-bg\" role=\"img\" aria-label=\"avril 2009 ml chambre 068\"><\/div><div class=\"swiper-slide-inner\" ><div class=\"swiper-slide-contents\"><div class=\"elementor-slide-heading\">Privacy<\/div><div class=\"elementor-slide-description\">What do we collect?<\/div><\/div><\/div><\/div><div class=\"elementor-repeater-item-de84503 swiper-slide\" role=\"group\" aria-roledescription=\"slide\"><div class=\"swiper-slide-bg\" role=\"img\" aria-label=\"IMG_1606\"><\/div><div class=\"swiper-slide-inner\" ><div class=\"swiper-slide-contents\"><div class=\"elementor-slide-heading\">How do we protect<\/div><div class=\"elementor-slide-description\">what we do to protect your data<\/div><\/div><\/div><\/div>\t\t\t\t<\/div>\n\t\t\t\t\t\t\t\t\t\t\t\t\t\t\t<div class=\"elementor-swiper-button elementor-swiper-button-prev\" role=\"button\" tabindex=\"0\" aria-label=\"Previous slide\">\n\t\t\t\t\t\t\t<i aria-hidden=\"true\" class=\"eicon-chevron-left\"><\/i>\t\t\t\t\t\t<\/div>\n\t\t\t\t\t\t<div class=\"elementor-swiper-button elementor-swiper-button-next\" role=\"button\" tabindex=\"0\" aria-label=\"Next slide\">\n\t\t\t\t\t\t\t<i aria-hidden=\"true\" class=\"eicon-chevron-right\"><\/i>\t\t\t\t\t\t<\/div>\n\t\t\t\t\t\t\t\t\t\t\t\t\t\t\t\t<div class=\"swiper-pagination\"><\/div>\n\t\t\t\t\t\t\t\t\t\t\t\t<\/div>\n\t\t\t\t<\/div>\n\t\t\t\t\t\t\t\t<\/div>\n\t\t\t\t<\/div>\n\t\t\t\t\t<\/div>\n\t\t<\/div>\n\t\t\t\t\t<\/div>\n\t\t<\/section>\n\t\t\t\t<section class=\"elementor-section elementor-top-section elementor-element elementor-element-7e6defb7 elementor-section-boxed elementor-section-height-default elementor-section-height-default qodef-elementor-content-no\" data-id=\"7e6defb7\" data-element_type=\"section\" data-e-type=\"section\">\n\t\t\t\t\t\t<div class=\"elementor-container elementor-column-gap-default\">\n\t\t\t\t\t<div class=\"elementor-column elementor-col-100 elementor-top-column elementor-element elementor-element-696ea77e\" data-id=\"696ea77e\" data-element_type=\"column\" data-e-type=\"column\">\n\t\t\t<div class=\"elementor-widget-wrap elementor-element-populated\">\n\t\t\t\t\t\t<div class=\"elementor-element elementor-element-20deda59 elementor-widget elementor-widget-text-editor\" data-id=\"20deda59\" data-element_type=\"widget\" data-e-type=\"widget\" data-widget_type=\"text-editor.default\">\n\t\t\t\t<div class=\"elementor-widget-container\">\n\t\t\t\t\t\t\t\t\t<h2><span data-olk-copy-source=\"MessageBody\">Politique de confidentialit\u00e9<\/span><\/h2><p>H\u00f4tel-Motel Le B\u00e9luga \u2013 Tadoussac<\/p><p><strong>Collecte des informations<\/strong><\/p><p>Lorsque vous effectuez une r\u00e9servation ou nous contactez via notre site web, certaines informations peuvent \u00eatre recueillies, telles que votre nom, adresse courriel, num\u00e9ro de t\u00e9l\u00e9phone ou informations n\u00e9cessaires \u00e0 votre r\u00e9servation.<\/p><p>Utilisation des donn\u00e9es<\/p><p>Ces informations sont utilis\u00e9es uniquement pour :<\/p><ul><li>traiter et confirmer votre r\u00e9servation<\/li><li>communiquer avec vous concernant votre s\u00e9jour<\/li><li>am\u00e9liorer l\u2019exp\u00e9rience de navigation sur notre site<\/li><\/ul><p><strong>Nous ne vendons ni ne partageons vos informations personnelles \u00e0 des tiers.<\/strong><\/p><p><strong>R\u00e9servations et paiements<\/strong><\/p><p>Les r\u00e9servations effectu\u00e9es sur notre site sont trait\u00e9es via une plateforme s\u00e9curis\u00e9e de r\u00e9servation. Les informations de paiement <strong>sont prot\u00e9g\u00e9es<\/strong> et trait\u00e9es par des services s\u00e9curis\u00e9s.<\/p><p>T\u00e9moins de navigation <strong>(cookies<\/strong>)<\/p><p>Notre site peut utiliser des t\u00e9moins de navigation afin d\u2019am\u00e9liorer la navigation et analyser l\u2019utilisation du site.<\/p><p>Liens externes<\/p><p>Notre site peut contenir des liens vers d\u2019autres sites (par exemple pour des activit\u00e9s locales ou des partenaires). Nous ne sommes pas responsables des politiques de confidentialit\u00e9 de ces sites externes.<\/p><p><strong>Protection des renseignements personnels<\/strong><\/p><p>Nous prenons les mesures raisonnables pour prot\u00e9ger les renseignements personnels qui nous sont confi\u00e9s.<\/p><p><strong>Contact<\/strong><\/p><p>Pour toute question concernant cette politique de confidentialit\u00e9 ou la gestion de vos donn\u00e9es personnelles, vous pouvez nous contacter :<\/p><p><strong>H\u00f4tel-Motel Le B\u00e9luga Tadoussac<\/strong><\/p><p>187 rue des Pionniers<\/p><p>Tadoussac, Qu\u00e9bec<\/p><p>Canada<\/p><p><strong>info@le-beluga.qc.ca<\/strong><\/p><p>1-418-235-4734\u00a0<\/p>\t\t\t\t\t\t\t\t<\/div>\n\t\t\t\t<\/div>\n\t\t\t\t\t<\/div>\n\t\t<\/div>\n\t\t\t\t\t<\/div>\n\t\t<\/section>\n\t\t\t\t<\/div>\n\t\t","protected":false},"excerpt":{"rendered":"<p>PrivacyWhat do we collect?How do we protectwhat we do to protect your data Politique de confidentialit\u00e9 H\u00f4tel-Motel Le B\u00e9luga \u2013 Tadoussac Collecte des informations Lorsque vous effectuez une r\u00e9servation ou nous contactez via notre site web, certaines informations peuvent \u00eatre recueillies, telles que votre nom, adresse courriel, num\u00e9ro de t\u00e9l\u00e9phone ou informations n\u00e9cessaires \u00e0 votre [&hellip;]<\/p>\n","protected":false},"author":1,"featured_media":0,"parent":0,"menu_order":0,"comment_status":"closed","ping_status":"open","template":"","meta":{"_monsterinsights_skip_tracking":false,"_monsterinsights_sitenote_active":false,"_monsterinsights_sitenote_note":"","_monsterinsights_sitenote_category":0,"footnotes":""},"class_list":["post-3","page","type-page","status-publish","hentry"],"_links":{"self":[{"href":"https:\/\/le-beluga.qc.ca\/index.php\/wp-json\/wp\/v2\/pages\/3","targetHints":{"allow":["GET"]}}],"collection":[{"href":"https:\/\/le-beluga.qc.ca\/index.php\/wp-json\/wp\/v2\/pages"}],"about":[{"href":"https:\/\/le-beluga.qc.ca\/index.php\/wp-json\/wp\/v2\/types\/page"}],"author":[{"embeddable":true,"href":"https:\/\/le-beluga.qc.ca\/index.php\/wp-json\/wp\/v2\/users\/1"}],"replies":[{"embeddable":true,"href":"https:\/\/le-beluga.qc.ca\/index.php\/wp-json\/wp\/v2\/comments?post=3"}],"version-history":[{"count":21,"href":"https:\/\/le-beluga.qc.ca\/index.php\/wp-json\/wp\/v2\/pages\/3\/revisions"}],"predecessor-version":[{"id":7954,"href":"https:\/\/le-beluga.qc.ca\/index.php\/wp-json\/wp\/v2\/pages\/3\/revisions\/7954"}],"wp:attachment":[{"href":"https:\/\/le-beluga.qc.ca\/index.php\/wp-json\/wp\/v2\/media?parent=3"}],"curies":[{"name":"wp","href":"https:\/\/api.w.org\/{rel}","templated":true}]}}