{"id":2347,"date":"2020-03-31T07:41:11","date_gmt":"2020-03-31T07:41:11","guid":{"rendered":"https:\/\/alloggio.qodeinteractive.com\/?page_id=2347"},"modified":"2026-03-18T18:25:57","modified_gmt":"2026-03-18T23:25:57","slug":"about-us","status":"publish","type":"page","link":"https:\/\/le-beluga.qc.ca\/index.php\/about-us\/","title":{"rendered":"About Us"},"content":{"rendered":"\t\t<div data-elementor-type=\"wp-page\" data-elementor-id=\"2347\" class=\"elementor elementor-2347\" data-elementor-post-type=\"page\">\n\t\t\t\t\t\t<section class=\"elementor-section elementor-top-section elementor-element elementor-element-1fb167da elementor-section-full_width elementor-section-height-default elementor-section-height-default qodef-elementor-content-no\" data-id=\"1fb167da\" data-element_type=\"section\" data-e-type=\"section\" data-settings=\"{&quot;background_background&quot;:&quot;classic&quot;}\">\n\t\t\t\t\t\t\t<div class=\"elementor-background-overlay\"><\/div>\n\t\t\t\t\t\t\t<div class=\"elementor-container elementor-column-gap-no\">\n\t\t\t\t\t<div class=\"elementor-column elementor-col-100 elementor-top-column elementor-element elementor-element-63cc6096\" data-id=\"63cc6096\" data-element_type=\"column\" data-e-type=\"column\">\n\t\t\t<div class=\"elementor-widget-wrap elementor-element-populated\">\n\t\t\t\t\t\t<div class=\"elementor-element elementor-element-4788a098 elementor--h-position-center elementor--v-position-middle elementor-arrows-position-inside elementor-pagination-position-inside elementor-widget elementor-widget-slides\" data-id=\"4788a098\" data-element_type=\"widget\" data-e-type=\"widget\" data-settings=\"{&quot;navigation&quot;:&quot;both&quot;,&quot;autoplay&quot;:&quot;yes&quot;,&quot;pause_on_hover&quot;:&quot;yes&quot;,&quot;pause_on_interaction&quot;:&quot;yes&quot;,&quot;autoplay_speed&quot;:5000,&quot;infinite&quot;:&quot;yes&quot;,&quot;transition&quot;:&quot;slide&quot;,&quot;transition_speed&quot;:500}\" data-widget_type=\"slides.default\">\n\t\t\t\t<div class=\"elementor-widget-container\">\n\t\t\t\t\t\t\t\t\t<div class=\"elementor-swiper\">\n\t\t\t\t\t<div class=\"elementor-slides-wrapper elementor-main-swiper swiper\" role=\"region\" aria-roledescription=\"carousel\" aria-label=\"Diapositives\" dir=\"ltr\" data-animation=\"fadeInUp\">\n\t\t\t\t<div class=\"swiper-wrapper elementor-slides\">\n\t\t\t\t\t\t\t\t\t\t<div class=\"elementor-repeater-item-6fed156 swiper-slide\" role=\"group\" aria-roledescription=\"slide\"><div class=\"swiper-slide-bg\" role=\"img\" aria-label=\"IMG_1167\"><\/div><a class=\"swiper-slide-inner\" href=\"https:\/\/le-beluga.qc.ca\/index.php\/hotel-rooms\"><div class=\"swiper-slide-contents\"><div class=\"elementor-slide-heading\">Hotel-Motel Le B\u00e9luga<\/div><div class=\"elementor-slide-description\">Go to Upper North Shore to experience real size nature.<\/div><div  class=\"elementor-button elementor-slide-button elementor-size-sm\">Learn more<\/div><\/div><\/a><\/div><div class=\"elementor-repeater-item-8200722 swiper-slide\" role=\"group\" aria-roledescription=\"slide\"><div class=\"swiper-slide-bg\" role=\"img\" aria-label=\"Auberge du Lac \/ Hotel Motel Le B\u00e9luga\"><\/div><a class=\"swiper-slide-inner\" href=\"https:\/\/le-beluga.qc.ca\/index.php\/hotel-rooms\"><div class=\"swiper-slide-contents\"><div class=\"elementor-slide-heading\">Large and comfortable rooms<\/div><div class=\"elementor-slide-description\">Choose between hotel or motel <\/div><div  class=\"elementor-button elementor-slide-button elementor-size-sm\">For reservations<\/div><\/div><\/a><\/div><div class=\"elementor-repeater-item-be00129 swiper-slide\" role=\"group\" aria-roledescription=\"slide\"><div class=\"swiper-slide-bg\" role=\"img\" aria-label=\"queue-1200x500-1.png\"><\/div><a class=\"swiper-slide-inner\" href=\"https:\/\/le-beluga.qc.ca\/index.php\/local-activities\"><div class=\"swiper-slide-contents\"><div class=\"elementor-slide-heading\">Great wilderness not far away<\/div><div class=\"elementor-slide-description\">Nature activities for all taste from children to grown-ups<\/div><div  class=\"elementor-button elementor-slide-button elementor-size-sm\">Learn more<\/div><\/div><\/a><\/div>\t\t\t\t<\/div>\n\t\t\t\t\t\t\t\t\t\t\t\t\t\t\t<div class=\"elementor-swiper-button elementor-swiper-button-prev\" role=\"button\" tabindex=\"0\" aria-label=\"Previous slide\">\n\t\t\t\t\t\t\t<i aria-hidden=\"true\" class=\"eicon-chevron-left\"><\/i>\t\t\t\t\t\t<\/div>\n\t\t\t\t\t\t<div class=\"elementor-swiper-button elementor-swiper-button-next\" role=\"button\" tabindex=\"0\" aria-label=\"Next slide\">\n\t\t\t\t\t\t\t<i aria-hidden=\"true\" class=\"eicon-chevron-right\"><\/i>\t\t\t\t\t\t<\/div>\n\t\t\t\t\t\t\t\t\t\t\t\t\t\t\t\t<div class=\"swiper-pagination\"><\/div>\n\t\t\t\t\t\t\t\t\t\t\t\t<\/div>\n\t\t\t\t<\/div>\n\t\t\t\t\t\t\t\t<\/div>\n\t\t\t\t<\/div>\n\t\t\t\t\t<\/div>\n\t\t<\/div>\n\t\t\t\t\t<\/div>\n\t\t<\/section>\n\t\t\t\t<section class=\"elementor-section elementor-top-section elementor-element elementor-element-150286e1 elementor-section-full_width qodef-elementor-content-grid elementor-section-height-default elementor-section-height-default\" data-id=\"150286e1\" data-element_type=\"section\" data-e-type=\"section\" data-settings=\"{&quot;background_background&quot;:&quot;classic&quot;}\">\n\t\t\t\t\t\t\t<div class=\"elementor-background-overlay\"><\/div>\n\t\t\t\t\t\t\t<div class=\"elementor-container elementor-column-gap-no\">\n\t\t\t\t\t<div class=\"elementor-column elementor-col-33 elementor-top-column elementor-element elementor-element-18e94157\" data-id=\"18e94157\" data-element_type=\"column\" data-e-type=\"column\">\n\t\t\t<div class=\"elementor-widget-wrap elementor-element-populated\">\n\t\t\t\t\t\t<div class=\"elementor-element elementor-element-c94c76f elementor-widget elementor-widget-alloggio_core_image_with_text\" data-id=\"c94c76f\" data-element_type=\"widget\" data-e-type=\"widget\" data-widget_type=\"alloggio_core_image_with_text.default\">\n\t\t\t\t<div class=\"elementor-widget-container\">\n\t\t\t\t\t<div class=\"qodef-shortcode qodef-m qodef-image-with-text qodef-layout--text-below\">\n\t<div class=\"qodef-m-image\">\n\t\t\t\t\t\t\t\t\t<img decoding=\"async\" width=\"35\" height=\"35\" src=\"https:\/\/le-beluga.qc.ca\/wp-content\/uploads\/2021\/03\/h5-img-02-1.png\" class=\"qodef-e-main-image\" alt=\"\" \/>\t\t\t\t\t\t\t\t\t<\/div>\t<div class=\"qodef-m-content\">\n\t\t\t<h4 class=\"qodef-m-title\" style=\"margin-top: 12px\">\n\t\t\t\t\tObservation des baleines \t\t\t<\/h4>\n\t\t\t<p class=\"qodef-m-text\" style=\"margin-top: 19px\">Tadoussac est l\u2019un des meilleurs endroits au monde pour observer les baleines, au c\u0153ur du Parc marin du Saguenay\u2013Saint-Laurent.<\/p>\n\t<\/div>\n<\/div>\t\t\t\t<\/div>\n\t\t\t\t<\/div>\n\t\t\t\t<div class=\"elementor-element elementor-element-11208491 elementor-widget elementor-widget-alloggio_core_image_with_text\" data-id=\"11208491\" data-element_type=\"widget\" data-e-type=\"widget\" data-widget_type=\"alloggio_core_image_with_text.default\">\n\t\t\t\t<div class=\"elementor-widget-container\">\n\t\t\t\t\t<div class=\"qodef-shortcode qodef-m qodef-image-with-text qodef-layout--text-below\">\n\t<div class=\"qodef-m-image\">\n\t\t\t\t\t\t\t\t\t<img decoding=\"async\" width=\"35\" height=\"35\" src=\"https:\/\/le-beluga.qc.ca\/wp-content\/uploads\/2021\/03\/h5-img-05-1.png\" class=\"qodef-e-main-image\" alt=\"\" \/>\t\t\t\t\t\t\t\t\t<\/div>\t<div class=\"qodef-m-content\">\n\t\t\t<h4 class=\"qodef-m-title\" style=\"margin-top: 12px\">\n\t\t\t\t\tR\u00e9servation directe\t\t\t<\/h4>\n\t\t\t<p class=\"qodef-m-text\" style=\"margin-top: 19px\">Pour le meilleur tarif et les disponibilit\u00e9s \u00e0 jour, r\u00e9servez directement sur le site officiel de l\u2019H\u00f4tel motel Le B\u00e9luga.<\/p>\n\t<\/div>\n<\/div>\t\t\t\t<\/div>\n\t\t\t\t<\/div>\n\t\t\t\t\t<\/div>\n\t\t<\/div>\n\t\t\t\t<div class=\"elementor-column elementor-col-33 elementor-top-column elementor-element elementor-element-105ec49a\" data-id=\"105ec49a\" data-element_type=\"column\" data-e-type=\"column\">\n\t\t\t<div class=\"elementor-widget-wrap elementor-element-populated\">\n\t\t\t\t\t\t<div class=\"elementor-element elementor-element-b9a9de3 elementor-widget elementor-widget-alloggio_core_image_with_text\" data-id=\"b9a9de3\" data-element_type=\"widget\" data-e-type=\"widget\" data-widget_type=\"alloggio_core_image_with_text.default\">\n\t\t\t\t<div class=\"elementor-widget-container\">\n\t\t\t\t\t<div class=\"qodef-shortcode qodef-m qodef-image-with-text qodef-layout--text-below\">\n\t<div class=\"qodef-m-image\">\n\t\t\t\t\t\t\t\t\t<img decoding=\"async\" width=\"35\" height=\"35\" src=\"https:\/\/le-beluga.qc.ca\/wp-content\/uploads\/2021\/03\/h5-img-03-1.png\" class=\"qodef-e-main-image\" alt=\"\" \/>\t\t\t\t\t\t\t\t\t<\/div>\t<div class=\"qodef-m-content\">\n\t\t\t<h4 class=\"qodef-m-title\" style=\"margin-top: 12px\">\n\t\t\t\t\tCalme et nature \t\t\t<\/h4>\n\t\t\t<p class=\"qodef-m-text\" style=\"margin-top: 19px\">Profitez du calme de Tadoussac, au c\u0153ur du Parc marin du Saguenay\u2013Saint-Laurent, \u00e0 quelques minutes \u00e0 pied du fjord, de la plage et du quai des croisi\u00e8res aux baleines.<\/p>\n\t<\/div>\n<\/div>\t\t\t\t<\/div>\n\t\t\t\t<\/div>\n\t\t\t\t<div class=\"elementor-element elementor-element-64b705db elementor-widget elementor-widget-alloggio_core_image_with_text\" data-id=\"64b705db\" data-element_type=\"widget\" data-e-type=\"widget\" data-widget_type=\"alloggio_core_image_with_text.default\">\n\t\t\t\t<div class=\"elementor-widget-container\">\n\t\t\t\t\t<div class=\"qodef-shortcode qodef-m qodef-image-with-text qodef-layout--text-below\">\n\t<div class=\"qodef-m-image\">\n\t\t\t\t\t\t\t\t\t<img loading=\"lazy\" decoding=\"async\" width=\"35\" height=\"35\" src=\"https:\/\/le-beluga.qc.ca\/wp-content\/uploads\/2021\/03\/h5-img-06-1.png\" class=\"qodef-e-main-image\" alt=\"\" \/>\t\t\t\t\t\t\t\t\t<\/div>\t<div class=\"qodef-m-content\">\n\t\t\t<h4 class=\"qodef-m-title\" style=\"margin-top: 12px\">\n\t\t\t\t\tR\u00e9servation s\u00e9curis\u00e9\t\t\t<\/h4>\n\t\t\t<p class=\"qodef-m-text\" style=\"margin-top: 19px\">Les r\u00e9servations sont confirm\u00e9es par Visa ou Mastercard, avec un pr\u00e9l\u00e8vement 48 heures avant l\u2019arriv\u00e9e.<\/p>\n\t<\/div>\n<\/div>\t\t\t\t<\/div>\n\t\t\t\t<\/div>\n\t\t\t\t\t<\/div>\n\t\t<\/div>\n\t\t\t\t<div class=\"elementor-column elementor-col-33 elementor-top-column elementor-element elementor-element-2b67ced0\" data-id=\"2b67ced0\" data-element_type=\"column\" data-e-type=\"column\">\n\t\t\t<div class=\"elementor-widget-wrap elementor-element-populated\">\n\t\t\t\t\t\t<div class=\"elementor-element elementor-element-2ba05b90 elementor-widget elementor-widget-alloggio_core_image_with_text\" data-id=\"2ba05b90\" data-element_type=\"widget\" data-e-type=\"widget\" data-widget_type=\"alloggio_core_image_with_text.default\">\n\t\t\t\t<div class=\"elementor-widget-container\">\n\t\t\t\t\t<div class=\"qodef-shortcode qodef-m qodef-image-with-text qodef-layout--text-below\">\n\t<div class=\"qodef-m-image\">\n\t\t\t\t\t\t\t\t\t<img loading=\"lazy\" decoding=\"async\" width=\"35\" height=\"35\" src=\"https:\/\/le-beluga.qc.ca\/wp-content\/uploads\/2021\/03\/h5-img-04-1.png\" class=\"qodef-e-main-image\" alt=\"\" \/>\t\t\t\t\t\t\t\t\t<\/div>\t<div class=\"qodef-m-content\">\n\t\t\t<h4 class=\"qodef-m-title\" style=\"margin-top: 12px\">\n\t\t\t\t\tNature grandiose\t\t\t<\/h4>\n\t\t\t<p class=\"qodef-m-text\" style=\"margin-top: 19px\">Situ\u00e9 au c\u0153ur du Parc marin du Saguenay\u2013Saint-Laurent et du Parc national du Fjord-du-Saguenay, Tadoussac offre un acc\u00e8s unique aux baleines, au fjord et \u00e0 des paysages parmi les plus impressionnants du Qu\u00e9bec.<\/p>\n\t<\/div>\n<\/div>\t\t\t\t<\/div>\n\t\t\t\t<\/div>\n\t\t\t\t\t<\/div>\n\t\t<\/div>\n\t\t\t\t\t<\/div>\n\t\t<\/section>\n\t\t\t\t<section class=\"elementor-section elementor-top-section elementor-element elementor-element-5d39430a elementor-section-full_width qodef-elementor-content-grid elementor-section-height-default elementor-section-height-default\" data-id=\"5d39430a\" data-element_type=\"section\" data-e-type=\"section\">\n\t\t\t\t\t\t<div class=\"elementor-container elementor-column-gap-no\">\n\t\t\t\t\t<div class=\"elementor-column elementor-col-100 elementor-top-column elementor-element elementor-element-67c5314f\" data-id=\"67c5314f\" data-element_type=\"column\" data-e-type=\"column\">\n\t\t\t<div class=\"elementor-widget-wrap elementor-element-populated\">\n\t\t\t\t\t\t<div class=\"elementor-element elementor-element-706488b5 elementor-widget elementor-widget-alloggio_core_section_title\" data-id=\"706488b5\" data-element_type=\"widget\" data-e-type=\"widget\" data-widget_type=\"alloggio_core_section_title.default\">\n\t\t\t\t<div class=\"elementor-widget-container\">\n\t\t\t\t\t<div class=\"qodef-shortcode qodef-m qodef-section-title qodef-alignment--center\">\n\t\t<h2 class=\"qodef-m-title\" >\n\t\t\t\t\tActivities\t\t\t<\/h2>\n\t\t<span class=\"qodef-m-text\" >Just for a walk in the village to taste the magnificent breads and cakes of Tadoussac bakers, to walk on the fine sand of the beach, start on the  adventurous two days trail on top of the Saguenay cliffs or ride a zodiac to chase the sight of the great whales, Tadoussac will fulfill all your dreams of nature.<\/span>\n<\/div>\t\t\t\t<\/div>\n\t\t\t\t<\/div>\n\t\t\t\t\t<\/div>\n\t\t<\/div>\n\t\t\t\t\t<\/div>\n\t\t<\/section>\n\t\t\t\t<section class=\"elementor-section elementor-top-section elementor-element elementor-element-83255e3 elementor-section-full_width qodef-elementor-content-grid elementor-section-height-default elementor-section-height-default\" data-id=\"83255e3\" data-element_type=\"section\" data-e-type=\"section\">\n\t\t\t\t\t\t<div class=\"elementor-container elementor-column-gap-no\">\n\t\t\t\t\t<div class=\"elementor-column elementor-col-50 elementor-top-column elementor-element elementor-element-79c82461\" data-id=\"79c82461\" data-element_type=\"column\" data-e-type=\"column\">\n\t\t\t<div class=\"elementor-widget-wrap elementor-element-populated\">\n\t\t\t\t\t\t<div class=\"elementor-element elementor-element-1c94c96b elementor-widget elementor-widget-alloggio_core_banner\" data-id=\"1c94c96b\" data-element_type=\"widget\" data-e-type=\"widget\" data-widget_type=\"alloggio_core_banner.default\">\n\t\t\t\t<div class=\"elementor-widget-container\">\n\t\t\t\t\t<div class=\"qodef-shortcode qodef-m qodef-banner qodef-layout--link-overlay qodef--has-button\">\n\t<div class=\"qodef-m-image\">\n\t<img loading=\"lazy\" decoding=\"async\" width=\"1000\" height=\"999\" src=\"https:\/\/le-beluga.qc.ca\/wp-content\/uploads\/2021\/03\/dunes-sqr1000-1.png\" class=\"attachment-full size-full\" alt=\"\" srcset=\"https:\/\/le-beluga.qc.ca\/wp-content\/uploads\/2021\/03\/dunes-sqr1000-1.png 1000w, https:\/\/le-beluga.qc.ca\/wp-content\/uploads\/2021\/03\/dunes-sqr1000-1-300x300.png 300w, https:\/\/le-beluga.qc.ca\/wp-content\/uploads\/2021\/03\/dunes-sqr1000-1-150x150.png 150w, https:\/\/le-beluga.qc.ca\/wp-content\/uploads\/2021\/03\/dunes-sqr1000-1-768x767.png 768w, https:\/\/le-beluga.qc.ca\/wp-content\/uploads\/2021\/03\/dunes-sqr1000-1-650x650.png 650w\" sizes=\"(max-width: 1000px) 100vw, 1000px\" \/>\t<a itemprop=\"url\" href=\"https:\/\/le-beluga.qc.ca\/index.php\/local-activities\" class=\"qodef-m-banner-link\" target=\"_self\"><\/a>\n<\/div>\t<div class=\"qodef-m-content\">\n\t\t<div class=\"qodef-m-content-inner\" style=\"padding: 36px 12% 36px 50px\">\n\t\t\t<div class=\"qodef-m-content-inner-background\" style=\"background-color: #0201012E\"><\/div>\n\t\t\t<div class=\"qodef-m-content-inner-holder\">\n\t\t\t\t\t<h2 class=\"qodef-m-title\" style=\"color: #020101\">Explorer<\/h2>\n\t\t\t\t\t\t\t\t\t<div class=\"qodef-m-button\">\n\t\t<a class=\"qodef-shortcode qodef-m qodef-button qodef-layout--filled qodef-html--link\" href=\"https:\/\/le-beluga.qc.ca\/index.php\/local-activities\" target=\"_self\"  >\t<span class=\"qodef-m-text\">Button Text<\/span>\t<span class=\"qodef-m-background-holder\" ><\/span><\/a>\t<\/div>\n\t\t\t\t<a itemprop=\"url\" href=\"https:\/\/le-beluga.qc.ca\/index.php\/local-activities\" class=\"qodef-m-banner-link\" target=\"_self\"><\/a>\n\t\t\t<\/div>\n\t\t\t<a itemprop=\"url\" href=\"https:\/\/le-beluga.qc.ca\/index.php\/local-activities\" class=\"qodef-m-banner-link\" target=\"_self\"><\/a>\n\t\t<\/div>\n\t<\/div>\n<\/div>\n\t\t\t\t<\/div>\n\t\t\t\t<\/div>\n\t\t\t\t\t<\/div>\n\t\t<\/div>\n\t\t\t\t<div class=\"elementor-column elementor-col-50 elementor-top-column elementor-element elementor-element-41a1356\" data-id=\"41a1356\" data-element_type=\"column\" data-e-type=\"column\">\n\t\t\t<div class=\"elementor-widget-wrap elementor-element-populated\">\n\t\t\t\t\t\t<div class=\"elementor-element elementor-element-1d205aa5 elementor-widget elementor-widget-alloggio_core_banner\" data-id=\"1d205aa5\" data-element_type=\"widget\" data-e-type=\"widget\" data-widget_type=\"alloggio_core_banner.default\">\n\t\t\t\t<div class=\"elementor-widget-container\">\n\t\t\t\t\t<div class=\"qodef-shortcode qodef-m qodef-banner qodef-layout--link-overlay\">\n\t<div class=\"qodef-m-image\">\n\t<img loading=\"lazy\" decoding=\"async\" width=\"900\" height=\"641\" src=\"https:\/\/le-beluga.qc.ca\/wp-content\/uploads\/2026\/03\/RPI_8438.jpg\" class=\"attachment-full size-full\" alt=\"\" srcset=\"https:\/\/le-beluga.qc.ca\/wp-content\/uploads\/2026\/03\/RPI_8438.jpg 900w, https:\/\/le-beluga.qc.ca\/wp-content\/uploads\/2026\/03\/RPI_8438-300x214.jpg 300w, https:\/\/le-beluga.qc.ca\/wp-content\/uploads\/2026\/03\/RPI_8438-768x547.jpg 768w, https:\/\/le-beluga.qc.ca\/wp-content\/uploads\/2026\/03\/RPI_8438-600x427.jpg 600w\" sizes=\"(max-width: 900px) 100vw, 900px\" \/>\t<a itemprop=\"url\" href=\"https:\/\/le-beluga.qc.ca\/index.php\/hotel-rooms\" class=\"qodef-m-banner-link\" target=\"_self\"><\/a>\n<\/div>\t<div class=\"qodef-m-content\">\n\t\t<div class=\"qodef-m-content-inner\" style=\"padding: 0px 0px 0px 0px;text-align: Center\">\n\t\t\t<div class=\"qodef-m-content-inner-background\" ><\/div>\n\t\t\t<div class=\"qodef-m-content-inner-holder\">\n\t\t\t\t\t\t\t\t\t\t\t\t\t\t\t\t<a itemprop=\"url\" href=\"https:\/\/le-beluga.qc.ca\/index.php\/hotel-rooms\" class=\"qodef-m-banner-link\" target=\"_self\"><\/a>\n\t\t\t<\/div>\n\t\t\t<a itemprop=\"url\" href=\"https:\/\/le-beluga.qc.ca\/index.php\/hotel-rooms\" class=\"qodef-m-banner-link\" target=\"_self\"><\/a>\n\t\t<\/div>\n\t<\/div>\n<\/div>\n\t\t\t\t<\/div>\n\t\t\t\t<\/div>\n\t\t\t\t\t<\/div>\n\t\t<\/div>\n\t\t\t\t\t<\/div>\n\t\t<\/section>\n\t\t\t\t<section class=\"elementor-section elementor-top-section elementor-element elementor-element-32578ae elementor-section-boxed elementor-section-height-default elementor-section-height-default qodef-elementor-content-no\" data-id=\"32578ae\" data-element_type=\"section\" data-e-type=\"section\">\n\t\t\t\t\t\t<div class=\"elementor-container elementor-column-gap-default\">\n\t\t\t\t\t<div class=\"elementor-column elementor-col-100 elementor-top-column elementor-element elementor-element-da2aa9b\" data-id=\"da2aa9b\" data-element_type=\"column\" data-e-type=\"column\">\n\t\t\t<div class=\"elementor-widget-wrap elementor-element-populated\">\n\t\t\t\t\t\t<div class=\"elementor-element elementor-element-36d3fbe elementor-widget elementor-widget-text-editor\" data-id=\"36d3fbe\" data-element_type=\"widget\" data-e-type=\"widget\" data-widget_type=\"text-editor.default\">\n\t\t\t\t<div class=\"elementor-widget-container\">\n\t\t\t\t\t\t\t\t\t<p>Tadoussac, version nature et active &#8211; entre fjord sentier et air salin.\u00a0<\/p>\t\t\t\t\t\t\t\t<\/div>\n\t\t\t\t<\/div>\n\t\t\t\t\t<\/div>\n\t\t<\/div>\n\t\t\t\t\t<\/div>\n\t\t<\/section>\n\t\t\t\t<section class=\"elementor-section elementor-top-section elementor-element elementor-element-e11fab6 elementor-section-boxed elementor-section-height-default elementor-section-height-default qodef-elementor-content-no\" data-id=\"e11fab6\" data-element_type=\"section\" data-e-type=\"section\">\n\t\t\t\t\t\t<div class=\"elementor-container elementor-column-gap-default\">\n\t\t\t\t\t<div class=\"elementor-column elementor-col-100 elementor-top-column elementor-element elementor-element-b3c591e\" data-id=\"b3c591e\" data-element_type=\"column\" data-e-type=\"column\">\n\t\t\t<div class=\"elementor-widget-wrap elementor-element-populated\">\n\t\t\t\t\t\t<div class=\"elementor-element elementor-element-74b7cca elementor-widget elementor-widget-text-editor\" data-id=\"74b7cca\" data-element_type=\"widget\" data-e-type=\"widget\" data-widget_type=\"text-editor.default\">\n\t\t\t\t<div class=\"elementor-widget-container\">\n\t\t\t\t\t\t\t\t\t<p>Un point de d\u00e9part pour explorer, bouger et vivre le fleuve autrement.<\/p>\t\t\t\t\t\t\t\t<\/div>\n\t\t\t\t<\/div>\n\t\t\t\t\t<\/div>\n\t\t<\/div>\n\t\t\t\t\t<\/div>\n\t\t<\/section>\n\t\t\t\t<\/div>\n\t\t","protected":false},"excerpt":{"rendered":"<p>Hotel-Motel Le B\u00e9lugaGo to Upper North Shore to experience real size nature.Learn moreLarge and comfortable roomsChoose between hotel or motel For reservationsGreat wilderness not far awayNature activities for all taste from children to grown-upsLearn more Observation des baleines Tadoussac est l\u2019un des meilleurs endroits au monde pour observer les baleines, au c\u0153ur du Parc marin [&hellip;]<\/p>\n","protected":false},"author":1,"featured_media":0,"parent":0,"menu_order":0,"comment_status":"closed","ping_status":"closed","template":"page-full-width.php","meta":{"_monsterinsights_skip_tracking":false,"_monsterinsights_sitenote_active":false,"_monsterinsights_sitenote_note":"","_monsterinsights_sitenote_category":0,"footnotes":""},"class_list":["post-2347","page","type-page","status-publish","hentry"],"_links":{"self":[{"href":"https:\/\/le-beluga.qc.ca\/index.php\/wp-json\/wp\/v2\/pages\/2347","targetHints":{"allow":["GET"]}}],"collection":[{"href":"https:\/\/le-beluga.qc.ca\/index.php\/wp-json\/wp\/v2\/pages"}],"about":[{"href":"https:\/\/le-beluga.qc.ca\/index.php\/wp-json\/wp\/v2\/types\/page"}],"author":[{"embeddable":true,"href":"https:\/\/le-beluga.qc.ca\/index.php\/wp-json\/wp\/v2\/users\/1"}],"replies":[{"embeddable":true,"href":"https:\/\/le-beluga.qc.ca\/index.php\/wp-json\/wp\/v2\/comments?post=2347"}],"version-history":[{"count":113,"href":"https:\/\/le-beluga.qc.ca\/index.php\/wp-json\/wp\/v2\/pages\/2347\/revisions"}],"predecessor-version":[{"id":8129,"href":"https:\/\/le-beluga.qc.ca\/index.php\/wp-json\/wp\/v2\/pages\/2347\/revisions\/8129"}],"wp:attachment":[{"href":"https:\/\/le-beluga.qc.ca\/index.php\/wp-json\/wp\/v2\/media?parent=2347"}],"curies":[{"name":"wp","href":"https:\/\/api.w.org\/{rel}","templated":true}]}}